{"id":68,"date":"2025-01-08T12:38:07","date_gmt":"2025-01-08T12:38:07","guid":{"rendered":"https:\/\/mar.terrum.social\/?page_id=68"},"modified":"2025-04-09T08:23:38","modified_gmt":"2025-04-09T08:23:38","slug":"o-proxecto","status":"publish","type":"page","link":"https:\/\/mar.terrum.social\/index.php\/o-proxecto\/","title":{"rendered":"O Proxecto"},"content":{"rendered":"\n<h2 class=\"wp-block-heading\">Revivindo a Cultura Mari\u00f1eira Galega<\/h2>\n\n\n\n<h3 class=\"wp-block-heading\">Proxecto de restauraci\u00f3n e transformaci\u00f3n<\/h3>\n\n\n\n<p>Neste proxecto, en colaboraci\u00f3n directa coa <strong>Asociaci\u00f3n Cultural O Caramuxo<\/strong> (n. de rex. da Xunta de Galicia: 2016- 20632, CIF G94139235) da Illa de Arousa, embarc\u00e1monos (nunca millor dito) na viaxe \u00fanica de proseguir coa restauraci\u00f3n e transformaci\u00f3n dun barco tradicional de vela, da tipolox\u00eda tradicional <a href=\"https:\/\/marabaixo.gal\/es\/embarcaciones-tradicionales-gallegas\/\" data-type=\"link\" data-id=\"https:\/\/marabaixo.gal\/es\/embarcaciones-tradicionales-gallegas\/\"><em>gale\u00f3<\/em>n<\/a> chamado <strong><em>O Daniel<\/em><\/strong>, constru\u00eddo \u00edntegramente en madeira. <\/p>\n\n\n<div class=\"wp-block-image\">\n<figure class=\"aligncenter size-large is-resized\"><img loading=\"lazy\" decoding=\"async\" width=\"768\" height=\"1024\" src=\"https:\/\/mar.terrum.social\/wp-content\/uploads\/2025\/03\/O-Daniel-768x1024.jpg\" alt=\"\" class=\"wp-image-107\" style=\"width:477px;height:auto\" srcset=\"https:\/\/mar.terrum.social\/wp-content\/uploads\/2025\/03\/O-Daniel-768x1024.jpg 768w, https:\/\/mar.terrum.social\/wp-content\/uploads\/2025\/03\/O-Daniel-225x300.jpg 225w, https:\/\/mar.terrum.social\/wp-content\/uploads\/2025\/03\/O-Daniel-810x1080.jpg 810w, https:\/\/mar.terrum.social\/wp-content\/uploads\/2025\/03\/O-Daniel.jpg 1151w\" sizes=\"(max-width: 768px) 100vw, 768px\" \/><\/figure>\n<\/div>\n\n\n<p>O proxecto consite en crear nel un espazo de formaci\u00f3n, teatralidade e m\u00fasica, un espazo social activo e din\u00e1mico que celebre e reviva a riqu\u00edsima cultura mari\u00f1eira galega e os valores ecol\u00f3xicos da <a href=\"https:\/\/www.un.org\/sustainabledevelopment\/es\/development-agenda\/\" data-type=\"link\" data-id=\"https:\/\/www.un.org\/sustainabledevelopment\/es\/development-agenda\/\">Axenda 2030<\/a>. O noso obxectivo \u00e9 non s\u00f3 preservar unha parte importante da nosa historia mari\u00f1eira, sen\u00f3n tam\u00e9n ofrecer un lugar para a aprendizaxe, a creatividade e a conexi\u00f3n co entorno natural mari\u00f1o.<\/p>\n\n\n\n<h3 class=\"wp-block-heading\">Restauraci\u00f3n do Barco<\/h3>\n\n\n\n<p>O noso barco, pola s\u00faa tipolox\u00eda \u00e9 un s\u00edmbolo do patrimonio mari\u00f1eiro de Galicia (como as\u00ed consta en Culturmar, Federaci\u00f3n Galega) e polo tanto est\u00e1 sendo meticulosamente restaurado para acadar o seu estado orixinal. Cada prancha de madeira, cada elemento tipol\u00f3xico, cada vela e cada elemento ser\u00e1n tratados cun coidado especial para garantir a s\u00faa autenticidade e durabilidade. A restauraci\u00f3n non s\u00f3 preservar\u00e1 a historia do barco, sen\u00f3n que tam\u00e9n permitir\u00e1 aos visitantes experimentar a artesan\u00eda e o traballo manual tradicional. O emprego da talasonimia e a recuperaci\u00f3n por tradici\u00f3n oral etc.<\/p>\n\n\n\n<h3 class=\"wp-block-heading\">Centro de Actividades Formativas, Culturais e Medioambientais<\/h3>\n\n\n\n<p>Unha vez completada a restauraci\u00f3n, o noso barco transformarase nun centro vibrante de actividades. Dende obradoiros de navegaci\u00f3n tradicional (emprego de astrolabios e sextantes) , ata clases de artesan\u00eda mari\u00f1eira, ofreceremos e xa ofrecemos unha ampla variedade de programas educativos e culturais para todas as idades. Amais, integraremos aspectos medioambientais en t\u00f3dalas nosas actividades, suli\u00f1ando a importancia da preservaci\u00f3n e coidado da biodiversidade nos nosos oc\u00e9anos e r\u00edos, recollida e limpeza do mar (pl\u00e1sticos etc).<\/p>\n\n\n\n<p>O barco \u00e9 e ser\u00e1 unha autentica Universidade Flotante, coa instalaci\u00f3n dunha biblioteca de a bordo, musealizaci\u00f3n de elementos e artes de pesca , emprego de tecnolox\u00eda etc. Para estas actividades formativas a <strong>Asociaci\u00f3n Cultural O Caramuxo<\/strong> conta cunha <a href=\"https:\/\/mar.terrum.social\/wp-content\/uploads\/2025\/04\/Asoc.-Caramuxo-da-Illa-de-Arousa.pdf\" data-type=\"link\" data-id=\"https:\/\/mar.terrum.social\/wp-content\/uploads\/2025\/04\/Asoc.-Caramuxo-da-Illa-de-Arousa.pdf\">axuda proporcionada pola Deputaci\u00f3n de Pontevedra<\/a> e cun convenio coa <a href=\"https:\/\/terrum.social\/fundacion-terrum-2\/\" data-id=\"1\">Fundaci\u00f3n Terrum<\/a>, entidade de \u00e1mbito Galego que a s\u00faa vez conta con convenios de colaboura coa <strong>UNED<\/strong> entre outros. Polo tanto a difusi\u00f3n das actividades esta garantida por medio das canles nas que participa esta entidade xunto a outras iniciativas como a <a href=\"https:\/\/ud2.terrum.social\">Universidade da Diversidade<\/a> ou mesmo <a href=\"https:\/\/www.youtube.com\/@terrumsocial5091\" data-type=\"link\" data-id=\"https:\/\/www.youtube.com\/@terrumsocial5091\">a canle de Youtube de Terrum Social<\/a>.<\/p>\n\n\n\n<h3 class=\"wp-block-heading\">Reivindicaci\u00f3n da Cultura Mari\u00f1eira Tradicional Galega<\/h3>\n\n\n\n<p>M\u00e1is al\u00f3 de ser simplemente un centro de actividades, o noso proxecto aspira a ser unha voz para a reivindicaci\u00f3n e a celebraci\u00f3n da cultura mari\u00f1eira tradicional galega. A trav\u00e9s de eventos culturais, exposici\u00f3ns e colaboraci\u00f3ns con comunidades locais, queremos compartir a rica historia e os valores que definiron e definen a\u00ednda a nosa relaci\u00f3n co mar durante s\u00e9culos.<\/p>\n\n\n\n<h3 class=\"wp-block-heading\">O barco coma cenario<\/h3>\n\n\n\n<p>Am\u00e1is das actividades formativas e culturais mencionadas anteriormente, o noso barco converterase tam\u00e9n nun fascinante escenario para a representaci\u00f3n de obras teatrais e concertos musicais. Imaxina a cuberta da nosa <em>nao<\/em> convertida nunha tarima onde artistas locais e visitantes poden compartir a s\u00faa arte coa brisa mari\u00f1eira como testemu\u00f1a. Dende dramas hist\u00f3ricos que evocan os fitos nos eidos da navegaci\u00f3n galega ata concertos de m\u00fasica tradicional que fan eco nas ondas do mar, cada evento ser\u00e1 unha experiencia inesquecible que conectar\u00e1 ao p\u00fablico coa nosa rica tradici\u00f3n cultural mari\u00f1eira.<\/p>\n\n\n\n<h3 class=\"wp-block-heading\">Conclusi\u00f3n<\/h3>\n\n\n\n<p>Este proxecto non \u00e9 s\u00f3 sobre a restauraci\u00f3n dun barco; \u00e9 sobre a restauraci\u00f3n dunha parte fundamental da nosa identidade como pobo mari\u00f1eiro. Convid\u00e1mosvos a unirvos connosco nesta emocionante aventura de revivir a cultura mari\u00f1eira galega, onde cada onda nos lembra da nosa conexi\u00f3n eterna co mar e co noso pasado.<\/p>\n\n\n\n<ol start=\"2030\" class=\"wp-block-list\">\n<li><\/li>\n<\/ol>\n\n\n\n<figure class=\"wp-block-gallery has-nested-images columns-default is-cropped wp-block-gallery-1 is-layout-flex wp-block-gallery-is-layout-flex\">\n<figure class=\"wp-block-image size-large\"><img loading=\"lazy\" decoding=\"async\" width=\"768\" height=\"1024\" data-id=\"120\" src=\"https:\/\/mar.terrum.social\/wp-content\/uploads\/2025\/03\/IMG-20231111-WA0015-768x1024.jpg\" alt=\"\" class=\"wp-image-120\" srcset=\"https:\/\/mar.terrum.social\/wp-content\/uploads\/2025\/03\/IMG-20231111-WA0015-768x1024.jpg 768w, https:\/\/mar.terrum.social\/wp-content\/uploads\/2025\/03\/IMG-20231111-WA0015-225x300.jpg 225w, https:\/\/mar.terrum.social\/wp-content\/uploads\/2025\/03\/IMG-20231111-WA0015-1152x1536.jpg 1152w, https:\/\/mar.terrum.social\/wp-content\/uploads\/2025\/03\/IMG-20231111-WA0015-810x1080.jpg 810w, https:\/\/mar.terrum.social\/wp-content\/uploads\/2025\/03\/IMG-20231111-WA0015.jpg 1200w\" sizes=\"(max-width: 768px) 100vw, 768px\" \/><\/figure>\n\n\n\n<figure class=\"wp-block-image size-large\"><img loading=\"lazy\" decoding=\"async\" width=\"1024\" height=\"765\" data-id=\"121\" src=\"https:\/\/mar.terrum.social\/wp-content\/uploads\/2025\/03\/IMG-20240203-WA0018-1024x765.jpg\" alt=\"\" class=\"wp-image-121\" srcset=\"https:\/\/mar.terrum.social\/wp-content\/uploads\/2025\/03\/IMG-20240203-WA0018-1024x765.jpg 1024w, https:\/\/mar.terrum.social\/wp-content\/uploads\/2025\/03\/IMG-20240203-WA0018-300x224.jpg 300w, https:\/\/mar.terrum.social\/wp-content\/uploads\/2025\/03\/IMG-20240203-WA0018-768x574.jpg 768w, https:\/\/mar.terrum.social\/wp-content\/uploads\/2025\/03\/IMG-20240203-WA0018-1536x1148.jpg 1536w, https:\/\/mar.terrum.social\/wp-content\/uploads\/2025\/03\/IMG-20240203-WA0018-1445x1080.jpg 1445w, https:\/\/mar.terrum.social\/wp-content\/uploads\/2025\/03\/IMG-20240203-WA0018.jpg 1600w\" sizes=\"(max-width: 1024px) 100vw, 1024px\" \/><\/figure>\n\n\n\n<figure class=\"wp-block-image size-large\"><img loading=\"lazy\" decoding=\"async\" width=\"768\" height=\"1024\" data-id=\"147\" src=\"https:\/\/mar.terrum.social\/wp-content\/uploads\/2025\/03\/IMG-20241108-WA0043-2-768x1024.jpg\" alt=\"\" class=\"wp-image-147\" srcset=\"https:\/\/mar.terrum.social\/wp-content\/uploads\/2025\/03\/IMG-20241108-WA0043-2-768x1024.jpg 768w, https:\/\/mar.terrum.social\/wp-content\/uploads\/2025\/03\/IMG-20241108-WA0043-2-225x300.jpg 225w, https:\/\/mar.terrum.social\/wp-content\/uploads\/2025\/03\/IMG-20241108-WA0043-2-1152x1536.jpg 1152w, https:\/\/mar.terrum.social\/wp-content\/uploads\/2025\/03\/IMG-20241108-WA0043-2-810x1080.jpg 810w, https:\/\/mar.terrum.social\/wp-content\/uploads\/2025\/03\/IMG-20241108-WA0043-2.jpg 1536w\" sizes=\"(max-width: 768px) 100vw, 768px\" \/><\/figure>\n\n\n\n<figure class=\"wp-block-image size-large\"><img loading=\"lazy\" decoding=\"async\" width=\"1024\" height=\"768\" data-id=\"123\" src=\"https:\/\/mar.terrum.social\/wp-content\/uploads\/2025\/03\/IMG-20241125-WA0021-1024x768.jpg\" alt=\"\" class=\"wp-image-123\" srcset=\"https:\/\/mar.terrum.social\/wp-content\/uploads\/2025\/03\/IMG-20241125-WA0021-1024x768.jpg 1024w, https:\/\/mar.terrum.social\/wp-content\/uploads\/2025\/03\/IMG-20241125-WA0021-300x225.jpg 300w, https:\/\/mar.terrum.social\/wp-content\/uploads\/2025\/03\/IMG-20241125-WA0021-768x576.jpg 768w, https:\/\/mar.terrum.social\/wp-content\/uploads\/2025\/03\/IMG-20241125-WA0021-1536x1152.jpg 1536w, https:\/\/mar.terrum.social\/wp-content\/uploads\/2025\/03\/IMG-20241125-WA0021-1440x1080.jpg 1440w, https:\/\/mar.terrum.social\/wp-content\/uploads\/2025\/03\/IMG-20241125-WA0021.jpg 2048w\" sizes=\"(max-width: 1024px) 100vw, 1024px\" \/><\/figure>\n\n\n\n<figure class=\"wp-block-image size-large\"><img loading=\"lazy\" decoding=\"async\" width=\"1024\" height=\"768\" data-id=\"126\" src=\"https:\/\/mar.terrum.social\/wp-content\/uploads\/2025\/03\/IMG-20241127-WA0000-1024x768.jpg\" alt=\"\" class=\"wp-image-126\" srcset=\"https:\/\/mar.terrum.social\/wp-content\/uploads\/2025\/03\/IMG-20241127-WA0000-1024x768.jpg 1024w, https:\/\/mar.terrum.social\/wp-content\/uploads\/2025\/03\/IMG-20241127-WA0000-300x225.jpg 300w, https:\/\/mar.terrum.social\/wp-content\/uploads\/2025\/03\/IMG-20241127-WA0000-768x576.jpg 768w, https:\/\/mar.terrum.social\/wp-content\/uploads\/2025\/03\/IMG-20241127-WA0000-1536x1152.jpg 1536w, https:\/\/mar.terrum.social\/wp-content\/uploads\/2025\/03\/IMG-20241127-WA0000-1440x1080.jpg 1440w, https:\/\/mar.terrum.social\/wp-content\/uploads\/2025\/03\/IMG-20241127-WA0000.jpg 2048w\" sizes=\"(max-width: 1024px) 100vw, 1024px\" \/><\/figure>\n\n\n\n<figure class=\"wp-block-image size-large\"><img loading=\"lazy\" decoding=\"async\" width=\"1024\" height=\"768\" data-id=\"127\" src=\"https:\/\/mar.terrum.social\/wp-content\/uploads\/2025\/03\/IMG-20241202-WA0033-1024x768.jpg\" alt=\"\" class=\"wp-image-127\" srcset=\"https:\/\/mar.terrum.social\/wp-content\/uploads\/2025\/03\/IMG-20241202-WA0033-1024x768.jpg 1024w, https:\/\/mar.terrum.social\/wp-content\/uploads\/2025\/03\/IMG-20241202-WA0033-300x225.jpg 300w, https:\/\/mar.terrum.social\/wp-content\/uploads\/2025\/03\/IMG-20241202-WA0033-768x576.jpg 768w, https:\/\/mar.terrum.social\/wp-content\/uploads\/2025\/03\/IMG-20241202-WA0033-1536x1152.jpg 1536w, https:\/\/mar.terrum.social\/wp-content\/uploads\/2025\/03\/IMG-20241202-WA0033-1440x1080.jpg 1440w, https:\/\/mar.terrum.social\/wp-content\/uploads\/2025\/03\/IMG-20241202-WA0033.jpg 2048w\" sizes=\"(max-width: 1024px) 100vw, 1024px\" \/><\/figure>\n\n\n\n<figure class=\"wp-block-image size-large\"><img loading=\"lazy\" decoding=\"async\" width=\"1024\" height=\"768\" data-id=\"128\" src=\"https:\/\/mar.terrum.social\/wp-content\/uploads\/2025\/03\/IMG-20241204-WA0011-1024x768.jpg\" alt=\"\" class=\"wp-image-128\" srcset=\"https:\/\/mar.terrum.social\/wp-content\/uploads\/2025\/03\/IMG-20241204-WA0011-1024x768.jpg 1024w, https:\/\/mar.terrum.social\/wp-content\/uploads\/2025\/03\/IMG-20241204-WA0011-300x225.jpg 300w, https:\/\/mar.terrum.social\/wp-content\/uploads\/2025\/03\/IMG-20241204-WA0011-768x576.jpg 768w, https:\/\/mar.terrum.social\/wp-content\/uploads\/2025\/03\/IMG-20241204-WA0011-1536x1152.jpg 1536w, https:\/\/mar.terrum.social\/wp-content\/uploads\/2025\/03\/IMG-20241204-WA0011-1440x1080.jpg 1440w, https:\/\/mar.terrum.social\/wp-content\/uploads\/2025\/03\/IMG-20241204-WA0011.jpg 2048w\" sizes=\"(max-width: 1024px) 100vw, 1024px\" \/><\/figure>\n\n\n\n<figure class=\"wp-block-image size-large\"><img loading=\"lazy\" decoding=\"async\" width=\"1024\" height=\"768\" data-id=\"129\" src=\"https:\/\/mar.terrum.social\/wp-content\/uploads\/2025\/03\/IMG-20241210-WA0001-1024x768.jpg\" alt=\"\" class=\"wp-image-129\" srcset=\"https:\/\/mar.terrum.social\/wp-content\/uploads\/2025\/03\/IMG-20241210-WA0001-1024x768.jpg 1024w, https:\/\/mar.terrum.social\/wp-content\/uploads\/2025\/03\/IMG-20241210-WA0001-300x225.jpg 300w, https:\/\/mar.terrum.social\/wp-content\/uploads\/2025\/03\/IMG-20241210-WA0001-768x576.jpg 768w, https:\/\/mar.terrum.social\/wp-content\/uploads\/2025\/03\/IMG-20241210-WA0001-1536x1152.jpg 1536w, https:\/\/mar.terrum.social\/wp-content\/uploads\/2025\/03\/IMG-20241210-WA0001-1440x1080.jpg 1440w, https:\/\/mar.terrum.social\/wp-content\/uploads\/2025\/03\/IMG-20241210-WA0001.jpg 2048w\" sizes=\"(max-width: 1024px) 100vw, 1024px\" \/><\/figure>\n\n\n\n<figure class=\"wp-block-image size-large\"><img loading=\"lazy\" decoding=\"async\" width=\"1024\" height=\"768\" data-id=\"136\" src=\"https:\/\/mar.terrum.social\/wp-content\/uploads\/2025\/03\/IMG-20241210-WA0026-1024x768.jpg\" alt=\"\" class=\"wp-image-136\" srcset=\"https:\/\/mar.terrum.social\/wp-content\/uploads\/2025\/03\/IMG-20241210-WA0026-1024x768.jpg 1024w, https:\/\/mar.terrum.social\/wp-content\/uploads\/2025\/03\/IMG-20241210-WA0026-300x225.jpg 300w, https:\/\/mar.terrum.social\/wp-content\/uploads\/2025\/03\/IMG-20241210-WA0026-768x576.jpg 768w, https:\/\/mar.terrum.social\/wp-content\/uploads\/2025\/03\/IMG-20241210-WA0026-1536x1152.jpg 1536w, https:\/\/mar.terrum.social\/wp-content\/uploads\/2025\/03\/IMG-20241210-WA0026-1440x1080.jpg 1440w, https:\/\/mar.terrum.social\/wp-content\/uploads\/2025\/03\/IMG-20241210-WA0026.jpg 2048w\" sizes=\"(max-width: 1024px) 100vw, 1024px\" \/><\/figure>\n\n\n\n<figure class=\"wp-block-image size-large\"><img loading=\"lazy\" decoding=\"async\" width=\"1024\" height=\"768\" data-id=\"137\" src=\"https:\/\/mar.terrum.social\/wp-content\/uploads\/2025\/03\/IMG-20241212-WA0001-1024x768.jpg\" alt=\"\" class=\"wp-image-137\" srcset=\"https:\/\/mar.terrum.social\/wp-content\/uploads\/2025\/03\/IMG-20241212-WA0001-1024x768.jpg 1024w, https:\/\/mar.terrum.social\/wp-content\/uploads\/2025\/03\/IMG-20241212-WA0001-300x225.jpg 300w, https:\/\/mar.terrum.social\/wp-content\/uploads\/2025\/03\/IMG-20241212-WA0001-768x576.jpg 768w, https:\/\/mar.terrum.social\/wp-content\/uploads\/2025\/03\/IMG-20241212-WA0001-1536x1152.jpg 1536w, https:\/\/mar.terrum.social\/wp-content\/uploads\/2025\/03\/IMG-20241212-WA0001-1440x1080.jpg 1440w, https:\/\/mar.terrum.social\/wp-content\/uploads\/2025\/03\/IMG-20241212-WA0001.jpg 2048w\" sizes=\"(max-width: 1024px) 100vw, 1024px\" \/><\/figure>\n\n\n\n<figure class=\"wp-block-image size-large\"><img loading=\"lazy\" decoding=\"async\" width=\"1024\" height=\"768\" data-id=\"131\" src=\"https:\/\/mar.terrum.social\/wp-content\/uploads\/2025\/03\/IMG-20241212-WA0006-1024x768.jpg\" alt=\"\" class=\"wp-image-131\" srcset=\"https:\/\/mar.terrum.social\/wp-content\/uploads\/2025\/03\/IMG-20241212-WA0006-1024x768.jpg 1024w, https:\/\/mar.terrum.social\/wp-content\/uploads\/2025\/03\/IMG-20241212-WA0006-300x225.jpg 300w, https:\/\/mar.terrum.social\/wp-content\/uploads\/2025\/03\/IMG-20241212-WA0006-768x576.jpg 768w, https:\/\/mar.terrum.social\/wp-content\/uploads\/2025\/03\/IMG-20241212-WA0006-1536x1152.jpg 1536w, https:\/\/mar.terrum.social\/wp-content\/uploads\/2025\/03\/IMG-20241212-WA0006-1440x1080.jpg 1440w, https:\/\/mar.terrum.social\/wp-content\/uploads\/2025\/03\/IMG-20241212-WA0006.jpg 2048w\" sizes=\"(max-width: 1024px) 100vw, 1024px\" \/><\/figure>\n\n\n\n<figure class=\"wp-block-image size-large\"><img loading=\"lazy\" decoding=\"async\" width=\"1024\" height=\"768\" data-id=\"139\" src=\"https:\/\/mar.terrum.social\/wp-content\/uploads\/2025\/03\/IMG-20241212-WA0008-1024x768.jpg\" alt=\"\" class=\"wp-image-139\" srcset=\"https:\/\/mar.terrum.social\/wp-content\/uploads\/2025\/03\/IMG-20241212-WA0008-1024x768.jpg 1024w, https:\/\/mar.terrum.social\/wp-content\/uploads\/2025\/03\/IMG-20241212-WA0008-300x225.jpg 300w, https:\/\/mar.terrum.social\/wp-content\/uploads\/2025\/03\/IMG-20241212-WA0008-768x576.jpg 768w, https:\/\/mar.terrum.social\/wp-content\/uploads\/2025\/03\/IMG-20241212-WA0008-1536x1152.jpg 1536w, https:\/\/mar.terrum.social\/wp-content\/uploads\/2025\/03\/IMG-20241212-WA0008-1440x1080.jpg 1440w, https:\/\/mar.terrum.social\/wp-content\/uploads\/2025\/03\/IMG-20241212-WA0008.jpg 2048w\" sizes=\"(max-width: 1024px) 100vw, 1024px\" \/><\/figure>\n<\/figure>\n\n\n\n<p><\/p>\n\n\n","protected":false},"excerpt":{"rendered":"<p>Revivindo a Cultura Mari\u00f1eira Galega Proxecto de restauraci\u00f3n e transformaci\u00f3n Neste proxecto, en colaboraci\u00f3n directa coa Asociaci\u00f3n Cultural O Caramuxo (n. de rex. da Xunta de Galicia: 2016- 20632, CIF G94139235) da Illa de Arousa, embarc\u00e1monos (nunca millor dito) na viaxe \u00fanica de proseguir coa restauraci\u00f3n e transformaci\u00f3n dun barco tradicional de vela, da tipolox\u00eda [&hellip;]<\/p>\n","protected":false},"author":1,"featured_media":0,"parent":0,"menu_order":0,"comment_status":"closed","ping_status":"closed","template":"","meta":{"saved_in_kubio":true,"footnotes":""},"class_list":["post-68","page","type-page","status-publish","hentry"],"kubio_ai_page_context":{"short_desc":"","purpose":"general"},"_links":{"self":[{"href":"https:\/\/mar.terrum.social\/index.php\/wp-json\/wp\/v2\/pages\/68","targetHints":{"allow":["GET"]}}],"collection":[{"href":"https:\/\/mar.terrum.social\/index.php\/wp-json\/wp\/v2\/pages"}],"about":[{"href":"https:\/\/mar.terrum.social\/index.php\/wp-json\/wp\/v2\/types\/page"}],"author":[{"embeddable":true,"href":"https:\/\/mar.terrum.social\/index.php\/wp-json\/wp\/v2\/users\/1"}],"replies":[{"embeddable":true,"href":"https:\/\/mar.terrum.social\/index.php\/wp-json\/wp\/v2\/comments?post=68"}],"version-history":[{"count":11,"href":"https:\/\/mar.terrum.social\/index.php\/wp-json\/wp\/v2\/pages\/68\/revisions"}],"predecessor-version":[{"id":156,"href":"https:\/\/mar.terrum.social\/index.php\/wp-json\/wp\/v2\/pages\/68\/revisions\/156"}],"wp:attachment":[{"href":"https:\/\/mar.terrum.social\/index.php\/wp-json\/wp\/v2\/media?parent=68"}],"curies":[{"name":"wp","href":"https:\/\/api.w.org\/{rel}","templated":true}]}}